{"id":5337,"date":"2019-05-16T09:09:17","date_gmt":"2019-05-16T09:09:17","guid":{"rendered":"http:\/\/www.flowershoplaziva.me\/about-us\/"},"modified":"2023-02-01T09:52:44","modified_gmt":"2023-02-01T08:52:44","slug":"about-us","status":"publish","type":"page","link":"https:\/\/www.flowershoplaziva.me\/me\/about-us\/","title":{"rendered":"About us"},"content":{"rendered":"<div class=\"wpb-content-wrapper\"><p>[vc_row][vc_row_inner css=&#8221;.vc_custom_1558099166214{margin-bottom: 1.5vw !important;}&#8221;][vc_column_inner][vc_custom_heading text=&#8221;O nama&#8221; use_theme_fonts=&#8221;yes&#8221; el_class=&#8221;no-uppercase&#8221;][vc_column_text]<\/p>\n<div dir=\"auto\">Cvje\u0107ara Laziva je vode\u0107a cvje\u0107ara u Crnoj Gori ve\u0107 8 godina, a o tome najbolje govori sve ve\u0107i broj klijenata iz godine u godinu.<br \/>\nNa\u0161em postojanju prethodi dvadesetogodi\u0161nje porodi\u010dno iskustvo u cvje\u0107arstvu.<br \/>\nTim cvje\u0107are Laziva \u010dini 7 zaposlenih od \u010dega \u010dak 6 stru\u010dnih aran\u017eera koji svakog dana stvaraju magiju i prenose je u vidu najljep\u0161ih cvjetnih aran\u017emana.<br \/>\nNas cilj od samog osnivanja je da cvje\u0107arstvo u Crnoj Gori podignemo na zividni nivo i da sinonim za nas rad bude kvalitet.<br \/>\nPratimo svjetske trendove i prvi ih prenosimo na crnogorsko tr\u017eiste, protkane na\u0161im li\u010dnim stilom.<br \/>\nStekli smo povjerenje velikog boja klijenata, i to onih sa istan\u010danim ukusom pa na\u0161 rad na dru\u0161tvenim mre\u017eama prati preko 20 hiljada ljudi.<br \/>\nNa\u0161 cilj je da nastavimo istim putem, da na\u0161im radom \u0161irimo sre\u0107u svakog dana, i da broj onih koji biraju kvalitet i profesionalnost bude sve ve\u0107i iz dana u dan.<\/div>\n<p>[\/vc_column_text][\/vc_column_inner][\/vc_row_inner][vc_row_inner css=&#8221;.vc_custom_1558099166214{margin-bottom: 1.5vw !important;}&#8221;][vc_column_inner][vc_raw_html]JTNDdmlkZW8lMjB3aWR0aCUzRCUyMjEwMCUyNSUyMiUyMHNyYyUzRCUyMi4uJTJGLi4lMkZ3cC1jb250ZW50JTJGdXBsb2FkcyUyRjIwMTYlMkYwNSUyRlJQUmVwbGF5X0ZpbmFsMTYwODYzNjAwMC5tb3YlMjIlMjBjb250cm9scyUzRSUzQyUyRnZpZGVvJTNF[\/vc_raw_html][\/vc_column_inner][\/vc_row_inner][vc_row_inner css=&#8221;.vc_custom_1558099166214{margin-bottom: 1.5vw !important;}&#8221;][vc_column_inner][vc_column_text]<\/p>\n<div dir=\"auto\">Dostavu cvije\u0107a vr\u0161imo u svim gradovima Crne Gore, a za Vas biramo samo najkvalitetnije i uvijek svje\u017ee cvije\u0107e. Pritom, na\u0161i maloprodajni objekti sadr\u017ee i specijalizovane komore za rezano cvije\u0107e \u010dime su obezbije\u0111eni idealni uslovi sve do momenta kupovine aran\u017emana.<br \/>\nU svakom momentu garantujemo diskreciju i brzu dostavu, a na\u0161i aran\u017eeri uvijek su na raspolaganju kada Vam je potrebna pomo\u0107 prilikom izbora savr\u0161enog aran\u017emana za odre\u0111enu priliku.<br \/>\nBudite slobodni da nas kontaktirate u slu\u010daju da imate poseban zahtjev a mi \u0107emo se potruditi da Vam iza\u0111emo u susret.<br \/>\nNeka i Va\u0161 izbor bude kvalitet!<\/div>\n<p>[\/vc_column_text][vc_single_image image=&#8221;5331&#8243; img_size=&#8221;full&#8221;][\/vc_column_inner][\/vc_row_inner][vc_row_inner][vc_column_inner][vc_custom_heading text=&#8221;Informacije o dostavi:&#8221; use_theme_fonts=&#8221;yes&#8221; el_class=&#8221;no-uppercase mob-center&#8221; css=&#8221;.vc_custom_1610621325765{margin-bottom: 18px !important;}&#8221;][vc_column_text]<\/p>\n<div dir=\"auto\">Dostava na teritoriji Podgorice i Tivta je 3\u20ac za sve aran\u017emane, dok se za ostale gradove dostava napla\u0107uje 5\u20ac.<br \/>\nDostavu cvije\u0107a na teritoriji Podgorice i Tivta mo\u017eete naru\u010diti svakog radnog dana do 17 sati i dostava \u0107e biti obavljena istog dana, a za ostale gradove potrebno je naru\u010diti dan ranije.<br \/>\nDostavu cvije\u0107a na teritotiji Podgorice i Tivta vr\u0161imo svakog dana osim nedelje, a za ostale gradove radnim danima (pon-pet).<br \/>\n* Svi aran\u017emani skloni su promjenama u skladu sa dostupno\u0161\u0107u svje\u017eeg cvije\u0107a u odre\u0111enom momentu.<br \/>\n* U slu\u010daju da neki artikal nije dostupan na\u0161i aran\u017eeri izabra\u0107e najbolju zamjenu svje\u017eeg cvije\u0107a, s ciljem da krajnji rezulatat bude podjednako dobar.<\/div>\n<p>[\/vc_column_text][\/vc_column_inner][\/vc_row_inner][\/vc_row]<\/p>\n<\/div>","protected":false},"excerpt":{"rendered":"<p>[vc_row][vc_row_inner css=&#8221;.vc_custom_1558099166214{margin-bottom: 1.5vw !important;}&#8221;][vc_column_inner][vc_custom_heading text=&#8221;O nama&#8221; use_theme_fonts=&#8221;yes&#8221; el_class=&#8221;no-uppercase&#8221;][vc_column_text] Cvje\u0107ara Laziva je vode\u0107a cvje\u0107ara u Crnoj Gori ve\u0107 8 godina, a o tome najbolje govori sve ve\u0107i broj klijenata iz godine u godinu. Na\u0161em postojanju prethodi dvadesetogodi\u0161nje porodi\u010dno iskustvo u cvje\u0107arstvu. Tim cvje\u0107are Laziva \u010dini 7 zaposlenih od \u010dega \u010dak 6 stru\u010dnih aran\u017eera koji svakog dana stvaraju magiju i prenose je u vidu najljep\u0161ih cvjetnih aran\u017emana. Nas cilj od samog osnivanja je da cvje\u0107arstvo u Crnoj Gori podignemo na zividni nivo i da sinonim za nas rad bude kvalitet. Pratimo svjetske trendove i prvi ih prenosimo na crnogorsko tr\u017eiste, protkane na\u0161im<\/p>\n","protected":false},"author":1,"featured_media":0,"parent":0,"menu_order":0,"comment_status":"closed","ping_status":"closed","template":"","meta":{"footnotes":""},"class_list":["post-5337","page","type-page","status-publish","hentry"],"_links":{"self":[{"href":"https:\/\/www.flowershoplaziva.me\/me\/wp-json\/wp\/v2\/pages\/5337","targetHints":{"allow":["GET"]}}],"collection":[{"href":"https:\/\/www.flowershoplaziva.me\/me\/wp-json\/wp\/v2\/pages"}],"about":[{"href":"https:\/\/www.flowershoplaziva.me\/me\/wp-json\/wp\/v2\/types\/page"}],"author":[{"embeddable":true,"href":"https:\/\/www.flowershoplaziva.me\/me\/wp-json\/wp\/v2\/users\/1"}],"replies":[{"embeddable":true,"href":"https:\/\/www.flowershoplaziva.me\/me\/wp-json\/wp\/v2\/comments?post=5337"}],"version-history":[{"count":1,"href":"https:\/\/www.flowershoplaziva.me\/me\/wp-json\/wp\/v2\/pages\/5337\/revisions"}],"predecessor-version":[{"id":9789,"href":"https:\/\/www.flowershoplaziva.me\/me\/wp-json\/wp\/v2\/pages\/5337\/revisions\/9789"}],"wp:attachment":[{"href":"https:\/\/www.flowershoplaziva.me\/me\/wp-json\/wp\/v2\/media?parent=5337"}],"curies":[{"name":"wp","href":"https:\/\/api.w.org\/{rel}","templated":true}]}}