{"id":5742,"date":"2019-05-16T09:07:54","date_gmt":"2019-05-16T09:07:54","guid":{"rendered":"http:\/\/www.flowershoplaziva.me\/home-lingerie\/"},"modified":"2026-02-25T11:15:40","modified_gmt":"2026-02-25T10:15:40","slug":"home-lingerie","status":"publish","type":"page","link":"https:\/\/www.flowershoplaziva.me\/me\/","title":{"rendered":"Po\u010denta"},"content":{"rendered":"<div class=\"wpb-content-wrapper\"><p>[vc_row et_uniqid=&#8221;et_custom_uniqid_5fb2848ad5f89&#8243; css=&#8221;.vc_custom_1605534863959{margin-top: 15px !important;}&#8221; _et_uniqid=&#8221;et_custom_uniqid_new_5fb2848b172af&#8221;][vc_column][vc_single_image image=&#8221;15626&#8243; img_size=&#8221;full&#8221; alignment=&#8221;center&#8221;][\/vc_column][\/vc_row][vc_row][vc_column et_uniqid=&#8221;et_custom_uniqid_5f7c20ac331dc&#8221; css=&#8221;.vc_custom_1605535156354{margin-top: 15px !important;}&#8221; _et_uniqid=&#8221;et_custom_uniqid_new_5fb285aecdb2e&#8221;][vc_column_text]<\/p>\n<h1 style=\"text-align: center;\">Flower Shop Laziva<\/h1>\n<p>Dobrodo\u0161li u cvje\u0107aru <strong data-start=\"22\" data-end=\"32\">Laziva<\/strong>, mjesto gdje mo\u017eete osjetiti kako izgleda raj. Cvije\u0107e dostavljamo istog dana, u roku od <strong data-start=\"122\" data-end=\"132\">2 sata<\/strong>, u ve\u0107ini gradova \u0161irom Crne Gore. Bez obzira na povod, tu smo za vas uz \u0161irok izbor cvije\u0107a i pa\u017eljivo aran\u017eiranih buketa.[\/vc_column_text]<div class=\"woocommerce columns-3\">        <link rel=\"stylesheet\" href=\"https:\/\/www.flowershoplaziva.me\/wp-content\/themes\/xstore\/css\/modules\/woocommerce\/archive.min.css\" type=\"text\/css\" media=\"all\" \/> \t\t        <link rel=\"stylesheet\" href=\"https:\/\/www.flowershoplaziva.me\/wp-content\/themes\/xstore\/css\/modules\/woocommerce\/product-hovers\/product-view-default.min.css\" type=\"text\/css\" media=\"all\" \/> \t\t<div class=\"row products products-loop products-grid row-count-3\" data-row-count=\"3\">\n\n    <div class=\"category-grid col-xs-12 col-sm-4 columns-3 text-color-dark valign-bottom style-with-bg content-inside product-category product\"\t\t>\r\n\t\t<a aria-label=\"Visit product category Buketi\" href=\"https:\/\/www.flowershoplaziva.me\/me\/product-category\/buketi\/\"><img decoding=\"async\" src=\"https:\/\/www.flowershoplaziva.me\/wp-content\/uploads\/2026\/02\/lala-300x400.jpg\" alt=\"Buketi\" width=\"300\" height=\"400\" srcset=\"https:\/\/www.flowershoplaziva.me\/wp-content\/uploads\/2026\/02\/lala-300x400.jpg 300w, https:\/\/www.flowershoplaziva.me\/wp-content\/uploads\/2026\/02\/lala-225x300.jpg 225w, https:\/\/www.flowershoplaziva.me\/wp-content\/uploads\/2026\/02\/lala-768x1024.jpg 768w, https:\/\/www.flowershoplaziva.me\/wp-content\/uploads\/2026\/02\/lala-1152x1536.jpg 1152w, https:\/\/www.flowershoplaziva.me\/wp-content\/uploads\/2026\/02\/lala-600x800.jpg 600w, https:\/\/www.flowershoplaziva.me\/wp-content\/uploads\/2026\/02\/lala-3x4.jpg 3w, https:\/\/www.flowershoplaziva.me\/wp-content\/uploads\/2026\/02\/lala-8x10.jpg 8w, https:\/\/www.flowershoplaziva.me\/wp-content\/uploads\/2026\/02\/lala.jpg 1200w\" sizes=\"(max-width: 300px) 100vw, 300px\" \/>\t\t\r\n\t\t\r\n\r\n\t\t\r\n\t\t<\/a>\t\t\r\n\t\t        <div class=\"categories-mask text-center text-uppercase\">\r\n\t\t\t\t\t\t\t                <h4>Buketi<\/h4>\r\n\t\t\t\t\t\t\t\t\t\t        <\/div>\r\n    <\/div>\r\n\r\n    <div class=\"category-grid col-xs-12 col-sm-4 columns-3 text-color-dark valign-bottom style-with-bg content-inside product-category product first\"\t\t>\r\n\t\t<a aria-label=\"Visit product category Love\" href=\"https:\/\/www.flowershoplaziva.me\/me\/product-category\/love\/\"><img decoding=\"async\" src=\"https:\/\/www.flowershoplaziva.me\/wp-content\/uploads\/2021\/02\/viber_image_2025-02-03_10-26-28-298-300x400.jpg\" alt=\"Love\" width=\"300\" height=\"400\" srcset=\"https:\/\/www.flowershoplaziva.me\/wp-content\/uploads\/2021\/02\/viber_image_2025-02-03_10-26-28-298-300x400.jpg 300w, https:\/\/www.flowershoplaziva.me\/wp-content\/uploads\/2021\/02\/viber_image_2025-02-03_10-26-28-298-3x4.jpg 3w, https:\/\/www.flowershoplaziva.me\/wp-content\/uploads\/2021\/02\/viber_image_2025-02-03_10-26-28-298-7x10.jpg 7w\" sizes=\"(max-width: 300px) 100vw, 300px\" \/>\t\t\r\n\t\t\r\n\r\n\t\t\r\n\t\t<\/a>\t\t\r\n\t\t        <div class=\"categories-mask text-center text-uppercase\">\r\n\t\t\t\t\t\t\t                <h4>Love<\/h4>\r\n\t\t\t\t\t\t\t\t\t\t        <\/div>\r\n    <\/div>\r\n\r\n    <div class=\"category-grid col-xs-12 col-sm-4 columns-3 text-color-dark valign-bottom style-with-bg content-inside product-category product last\"\t\t>\r\n\t\t<a aria-label=\"Visit product category Vje\u010dne ru\u017ee\" href=\"https:\/\/www.flowershoplaziva.me\/me\/product-category\/vjecne-ruze\/\"><img decoding=\"async\" src=\"https:\/\/www.flowershoplaziva.me\/wp-content\/uploads\/2020\/12\/viber_image_2026-01-30_13-53-52-340-300x400.jpg\" alt=\"Vje\u010dne ru\u017ee\" width=\"300\" height=\"400\" srcset=\"https:\/\/www.flowershoplaziva.me\/wp-content\/uploads\/2020\/12\/viber_image_2026-01-30_13-53-52-340-300x400.jpg 300w, https:\/\/www.flowershoplaziva.me\/wp-content\/uploads\/2020\/12\/viber_image_2026-01-30_13-53-52-340-225x300.jpg 225w, https:\/\/www.flowershoplaziva.me\/wp-content\/uploads\/2020\/12\/viber_image_2026-01-30_13-53-52-340-768x1024.jpg 768w, https:\/\/www.flowershoplaziva.me\/wp-content\/uploads\/2020\/12\/viber_image_2026-01-30_13-53-52-340-1152x1536.jpg 1152w, https:\/\/www.flowershoplaziva.me\/wp-content\/uploads\/2020\/12\/viber_image_2026-01-30_13-53-52-340-600x800.jpg 600w, https:\/\/www.flowershoplaziva.me\/wp-content\/uploads\/2020\/12\/viber_image_2026-01-30_13-53-52-340-3x4.jpg 3w, https:\/\/www.flowershoplaziva.me\/wp-content\/uploads\/2020\/12\/viber_image_2026-01-30_13-53-52-340-8x10.jpg 8w, https:\/\/www.flowershoplaziva.me\/wp-content\/uploads\/2020\/12\/viber_image_2026-01-30_13-53-52-340.jpg 1200w\" sizes=\"(max-width: 300px) 100vw, 300px\" \/>\t\t\r\n\t\t\r\n\r\n\t\t\r\n\t\t<\/a>\t\t\r\n\t\t        <div class=\"categories-mask text-center text-uppercase\">\r\n\t\t\t\t\t\t\t                <h4>Vje\u010dne ru\u017ee<\/h4>\r\n\t\t\t\t\t\t\t\t\t\t        <\/div>\r\n    <\/div>\r\n\r\n    <div class=\"category-grid col-xs-12 col-sm-4 columns-3 text-color-dark valign-bottom style-with-bg content-inside product-category product\"\t\t>\r\n\t\t<a aria-label=\"Visit product category Flower box\" href=\"https:\/\/www.flowershoplaziva.me\/me\/product-category\/flower-box-me\/\"><img decoding=\"async\" src=\"https:\/\/www.flowershoplaziva.me\/wp-content\/uploads\/2020\/12\/viber_image_2026-02-20_14-56-38-780-300x400.jpg\" alt=\"Flower box\" width=\"300\" height=\"400\" srcset=\"https:\/\/www.flowershoplaziva.me\/wp-content\/uploads\/2020\/12\/viber_image_2026-02-20_14-56-38-780-300x400.jpg 300w, https:\/\/www.flowershoplaziva.me\/wp-content\/uploads\/2020\/12\/viber_image_2026-02-20_14-56-38-780-225x300.jpg 225w, https:\/\/www.flowershoplaziva.me\/wp-content\/uploads\/2020\/12\/viber_image_2026-02-20_14-56-38-780-768x1024.jpg 768w, https:\/\/www.flowershoplaziva.me\/wp-content\/uploads\/2020\/12\/viber_image_2026-02-20_14-56-38-780-1152x1536.jpg 1152w, https:\/\/www.flowershoplaziva.me\/wp-content\/uploads\/2020\/12\/viber_image_2026-02-20_14-56-38-780-600x800.jpg 600w, https:\/\/www.flowershoplaziva.me\/wp-content\/uploads\/2020\/12\/viber_image_2026-02-20_14-56-38-780-3x4.jpg 3w, https:\/\/www.flowershoplaziva.me\/wp-content\/uploads\/2020\/12\/viber_image_2026-02-20_14-56-38-780-8x10.jpg 8w, https:\/\/www.flowershoplaziva.me\/wp-content\/uploads\/2020\/12\/viber_image_2026-02-20_14-56-38-780.jpg 1200w\" sizes=\"(max-width: 300px) 100vw, 300px\" \/>\t\t\r\n\t\t\r\n\r\n\t\t\r\n\t\t<\/a>\t\t\r\n\t\t        <div class=\"categories-mask text-center text-uppercase\">\r\n\t\t\t\t\t\t\t                <h4>Flower box<\/h4>\r\n\t\t\t\t\t\t\t\t\t\t        <\/div>\r\n    <\/div>\r\n\r\n    <div class=\"category-grid col-xs-12 col-sm-4 columns-3 text-color-dark valign-bottom style-with-bg content-inside product-category product first\"\t\t>\r\n\t\t<a aria-label=\"Visit product category 101 - 1001\" href=\"https:\/\/www.flowershoplaziva.me\/me\/product-category\/101-1001-me\/\"><img decoding=\"async\" src=\"https:\/\/www.flowershoplaziva.me\/wp-content\/uploads\/2020\/12\/viber_image_2025-10-24_12-43-41-199-300x400.jpg\" alt=\"101 - 1001\" width=\"300\" height=\"400\" srcset=\"https:\/\/www.flowershoplaziva.me\/wp-content\/uploads\/2020\/12\/viber_image_2025-10-24_12-43-41-199-300x400.jpg 300w, https:\/\/www.flowershoplaziva.me\/wp-content\/uploads\/2020\/12\/viber_image_2025-10-24_12-43-41-199-225x300.jpg 225w, https:\/\/www.flowershoplaziva.me\/wp-content\/uploads\/2020\/12\/viber_image_2025-10-24_12-43-41-199-768x1024.jpg 768w, https:\/\/www.flowershoplaziva.me\/wp-content\/uploads\/2020\/12\/viber_image_2025-10-24_12-43-41-199-1152x1536.jpg 1152w, https:\/\/www.flowershoplaziva.me\/wp-content\/uploads\/2020\/12\/viber_image_2025-10-24_12-43-41-199-600x800.jpg 600w, https:\/\/www.flowershoplaziva.me\/wp-content\/uploads\/2020\/12\/viber_image_2025-10-24_12-43-41-199-3x4.jpg 3w, https:\/\/www.flowershoplaziva.me\/wp-content\/uploads\/2020\/12\/viber_image_2025-10-24_12-43-41-199-8x10.jpg 8w, https:\/\/www.flowershoplaziva.me\/wp-content\/uploads\/2020\/12\/viber_image_2025-10-24_12-43-41-199.jpg 1200w\" sizes=\"(max-width: 300px) 100vw, 300px\" \/>\t\t\r\n\t\t\r\n\r\n\t\t\r\n\t\t<\/a>\t\t\r\n\t\t        <div class=\"categories-mask text-center text-uppercase\">\r\n\t\t\t\t\t\t\t                <h4>101 - 1001<\/h4>\r\n\t\t\t\t\t\t\t\t\t\t        <\/div>\r\n    <\/div>\r\n\r\n    <div class=\"category-grid col-xs-12 col-sm-4 columns-3 text-color-dark valign-bottom style-with-bg content-inside product-category product last\"\t\t>\r\n\t\t<a aria-label=\"Visit product category Oversize\" href=\"https:\/\/www.flowershoplaziva.me\/me\/product-category\/oversize-me\/\"><img decoding=\"async\" src=\"https:\/\/www.flowershoplaziva.me\/wp-content\/uploads\/2020\/12\/oversiye-350e-buket-napravljen-od-kombinacije-raznovrsnog-cvijeca-u-kombinaciji-sa-plisanim-medvedom-od-170cm-300x400.jpg\" alt=\"Oversize\" width=\"300\" height=\"400\" srcset=\"https:\/\/www.flowershoplaziva.me\/wp-content\/uploads\/2020\/12\/oversiye-350e-buket-napravljen-od-kombinacije-raznovrsnog-cvijeca-u-kombinaciji-sa-plisanim-medvedom-od-170cm-300x400.jpg 300w, https:\/\/www.flowershoplaziva.me\/wp-content\/uploads\/2020\/12\/oversiye-350e-buket-napravljen-od-kombinacije-raznovrsnog-cvijeca-u-kombinaciji-sa-plisanim-medvedom-od-170cm-225x300.jpg 225w, https:\/\/www.flowershoplaziva.me\/wp-content\/uploads\/2020\/12\/oversiye-350e-buket-napravljen-od-kombinacije-raznovrsnog-cvijeca-u-kombinaciji-sa-plisanim-medvedom-od-170cm-768x1024.jpg 768w, https:\/\/www.flowershoplaziva.me\/wp-content\/uploads\/2020\/12\/oversiye-350e-buket-napravljen-od-kombinacije-raznovrsnog-cvijeca-u-kombinaciji-sa-plisanim-medvedom-od-170cm-1152x1536.jpg 1152w, https:\/\/www.flowershoplaziva.me\/wp-content\/uploads\/2020\/12\/oversiye-350e-buket-napravljen-od-kombinacije-raznovrsnog-cvijeca-u-kombinaciji-sa-plisanim-medvedom-od-170cm-1536x2048.jpg 1536w, https:\/\/www.flowershoplaziva.me\/wp-content\/uploads\/2020\/12\/oversiye-350e-buket-napravljen-od-kombinacije-raznovrsnog-cvijeca-u-kombinaciji-sa-plisanim-medvedom-od-170cm-3x4.jpg 3w, https:\/\/www.flowershoplaziva.me\/wp-content\/uploads\/2020\/12\/oversiye-350e-buket-napravljen-od-kombinacije-raznovrsnog-cvijeca-u-kombinaciji-sa-plisanim-medvedom-od-170cm-8x10.jpg 8w, https:\/\/www.flowershoplaziva.me\/wp-content\/uploads\/2020\/12\/oversiye-350e-buket-napravljen-od-kombinacije-raznovrsnog-cvijeca-u-kombinaciji-sa-plisanim-medvedom-od-170cm-600x800.jpg 600w, https:\/\/www.flowershoplaziva.me\/wp-content\/uploads\/2020\/12\/oversiye-350e-buket-napravljen-od-kombinacije-raznovrsnog-cvijeca-u-kombinaciji-sa-plisanim-medvedom-od-170cm-scaled.jpg 1920w\" sizes=\"(max-width: 300px) 100vw, 300px\" \/>\t\t\r\n\t\t\r\n\r\n\t\t\r\n\t\t<\/a>\t\t\r\n\t\t        <div class=\"categories-mask text-center text-uppercase\">\r\n\t\t\t\t\t\t\t                <h4>Oversize<\/h4>\r\n\t\t\t\t\t\t\t\t\t\t        <\/div>\r\n    <\/div>\r\n\r\n    <div class=\"category-grid col-xs-12 col-sm-4 columns-3 text-color-dark valign-bottom style-with-bg content-inside product-category product\"\t\t>\r\n\t\t<a aria-label=\"Visit product category Welcome baby\" href=\"https:\/\/www.flowershoplaziva.me\/me\/product-category\/welcome-baby-me\/\"><img decoding=\"async\" src=\"https:\/\/www.flowershoplaziva.me\/wp-content\/uploads\/2022\/02\/viber_image_2026-01-27_11-48-30-128-300x400.jpg\" alt=\"Welcome baby\" width=\"300\" height=\"400\" srcset=\"https:\/\/www.flowershoplaziva.me\/wp-content\/uploads\/2022\/02\/viber_image_2026-01-27_11-48-30-128-300x400.jpg 300w, https:\/\/www.flowershoplaziva.me\/wp-content\/uploads\/2022\/02\/viber_image_2026-01-27_11-48-30-128-225x300.jpg 225w, https:\/\/www.flowershoplaziva.me\/wp-content\/uploads\/2022\/02\/viber_image_2026-01-27_11-48-30-128-768x1024.jpg 768w, https:\/\/www.flowershoplaziva.me\/wp-content\/uploads\/2022\/02\/viber_image_2026-01-27_11-48-30-128-1152x1536.jpg 1152w, https:\/\/www.flowershoplaziva.me\/wp-content\/uploads\/2022\/02\/viber_image_2026-01-27_11-48-30-128-600x800.jpg 600w, https:\/\/www.flowershoplaziva.me\/wp-content\/uploads\/2022\/02\/viber_image_2026-01-27_11-48-30-128-3x4.jpg 3w, https:\/\/www.flowershoplaziva.me\/wp-content\/uploads\/2022\/02\/viber_image_2026-01-27_11-48-30-128-8x10.jpg 8w, https:\/\/www.flowershoplaziva.me\/wp-content\/uploads\/2022\/02\/viber_image_2026-01-27_11-48-30-128.jpg 1200w\" sizes=\"(max-width: 300px) 100vw, 300px\" \/>\t\t\r\n\t\t\r\n\r\n\t\t\r\n\t\t<\/a>\t\t\r\n\t\t        <div class=\"categories-mask text-center text-uppercase\">\r\n\t\t\t\t\t\t\t                <h4>Welcome baby<\/h4>\r\n\t\t\t\t\t\t\t\t\t\t        <\/div>\r\n    <\/div>\r\n\r\n    <div class=\"category-grid col-xs-12 col-sm-4 columns-3 text-color-dark valign-bottom style-with-bg content-inside product-category product first\"\t\t>\r\n\t\t<a aria-label=\"Visit product category Saksijske biljke\" href=\"https:\/\/www.flowershoplaziva.me\/me\/product-category\/saksijske-biljke\/\"><img decoding=\"async\" src=\"https:\/\/www.flowershoplaziva.me\/wp-content\/uploads\/2026\/02\/viber_image_2026-02-24_11-42-54-983-300x400.jpg\" alt=\"Saksijske biljke\" width=\"300\" height=\"400\" srcset=\"https:\/\/www.flowershoplaziva.me\/wp-content\/uploads\/2026\/02\/viber_image_2026-02-24_11-42-54-983-300x400.jpg 300w, https:\/\/www.flowershoplaziva.me\/wp-content\/uploads\/2026\/02\/viber_image_2026-02-24_11-42-54-983-225x300.jpg 225w, https:\/\/www.flowershoplaziva.me\/wp-content\/uploads\/2026\/02\/viber_image_2026-02-24_11-42-54-983-768x1024.jpg 768w, https:\/\/www.flowershoplaziva.me\/wp-content\/uploads\/2026\/02\/viber_image_2026-02-24_11-42-54-983-1152x1536.jpg 1152w, https:\/\/www.flowershoplaziva.me\/wp-content\/uploads\/2026\/02\/viber_image_2026-02-24_11-42-54-983-600x800.jpg 600w, https:\/\/www.flowershoplaziva.me\/wp-content\/uploads\/2026\/02\/viber_image_2026-02-24_11-42-54-983-3x4.jpg 3w, https:\/\/www.flowershoplaziva.me\/wp-content\/uploads\/2026\/02\/viber_image_2026-02-24_11-42-54-983-8x10.jpg 8w, https:\/\/www.flowershoplaziva.me\/wp-content\/uploads\/2026\/02\/viber_image_2026-02-24_11-42-54-983.jpg 1200w\" sizes=\"(max-width: 300px) 100vw, 300px\" \/>\t\t\r\n\t\t\r\n\r\n\t\t\r\n\t\t<\/a>\t\t\r\n\t\t        <div class=\"categories-mask text-center text-uppercase\">\r\n\t\t\t\t\t\t\t                <h4>Saksijske biljke<\/h4>\r\n\t\t\t\t\t\t\t\t\t\t        <\/div>\r\n    <\/div>\r\n\r\n<\/div> <!-- .row --><\/div>[\/vc_column][\/vc_row][vc_row et_uniqid=&#8221;et_custom_uniqid_5fb2848ad5f89&#8243; css=&#8221;.vc_custom_1605534863959{margin-top: 15px !important;}&#8221; _et_uniqid=&#8221;et_custom_uniqid_new_5fb2848b172af&#8221;][vc_column][vc_single_image image=&#8221;16419&#8243; img_size=&#8221;full&#8221; alignment=&#8221;center&#8221; onclick=&#8221;custom_link&#8221; link=&#8221;https:\/\/www.flowershoplaziva.me\/me\/proizvod\/voucher-card\/&#8221;][\/vc_column][\/vc_row]<\/p>\n<\/div>","protected":false},"excerpt":{"rendered":"<p>[vc_row et_uniqid=&#8221;et_custom_uniqid_5fb2848ad5f89&#8243; css=&#8221;.vc_custom_1605534863959{margin-top: 15px !important;}&#8221; _et_uniqid=&#8221;et_custom_uniqid_new_5fb2848b172af&#8221;][vc_column][vc_single_image image=&#8221;15626&#8243; img_size=&#8221;full&#8221; alignment=&#8221;center&#8221;][\/vc_column][\/vc_row][vc_row][vc_column et_uniqid=&#8221;et_custom_uniqid_5f7c20ac331dc&#8221; css=&#8221;.vc_custom_1605535156354{margin-top: 15px !important;}&#8221; _et_uniqid=&#8221;et_custom_uniqid_new_5fb285aecdb2e&#8221;][vc_column_text] Flower Shop Laziva Dobrodo\u0161li u cvje\u0107aru Laziva, mjesto gdje mo\u017eete osjetiti kako izgleda raj. Cvije\u0107e dostavljamo istog dana, u roku od 2 sata, u ve\u0107ini gradova \u0161irom Crne Gore. Bez obzira na povod, tu smo za vas uz \u0161irok izbor cvije\u0107a i pa\u017eljivo aran\u017eiranih buketa.[\/vc_column_text][\/vc_column][\/vc_row][vc_row et_uniqid=&#8221;et_custom_uniqid_5fb2848ad5f89&#8243; css=&#8221;.vc_custom_1605534863959{margin-top: 15px !important;}&#8221; _et_uniqid=&#8221;et_custom_uniqid_new_5fb2848b172af&#8221;][vc_column][vc_single_image image=&#8221;16419&#8243; img_size=&#8221;full&#8221; alignment=&#8221;center&#8221; onclick=&#8221;custom_link&#8221; link=&#8221;https:\/\/www.flowershoplaziva.me\/me\/proizvod\/voucher-card\/&#8221;][\/vc_column][\/vc_row]<\/p>\n","protected":false},"author":1,"featured_media":9897,"parent":0,"menu_order":0,"comment_status":"closed","ping_status":"closed","template":"","meta":{"footnotes":""},"class_list":["post-5742","page","type-page","status-publish","has-post-thumbnail","hentry"],"_links":{"self":[{"href":"https:\/\/www.flowershoplaziva.me\/me\/wp-json\/wp\/v2\/pages\/5742","targetHints":{"allow":["GET"]}}],"collection":[{"href":"https:\/\/www.flowershoplaziva.me\/me\/wp-json\/wp\/v2\/pages"}],"about":[{"href":"https:\/\/www.flowershoplaziva.me\/me\/wp-json\/wp\/v2\/types\/page"}],"author":[{"embeddable":true,"href":"https:\/\/www.flowershoplaziva.me\/me\/wp-json\/wp\/v2\/users\/1"}],"replies":[{"embeddable":true,"href":"https:\/\/www.flowershoplaziva.me\/me\/wp-json\/wp\/v2\/comments?post=5742"}],"version-history":[{"count":8,"href":"https:\/\/www.flowershoplaziva.me\/me\/wp-json\/wp\/v2\/pages\/5742\/revisions"}],"predecessor-version":[{"id":16911,"href":"https:\/\/www.flowershoplaziva.me\/me\/wp-json\/wp\/v2\/pages\/5742\/revisions\/16911"}],"wp:featuredmedia":[{"embeddable":true,"href":"https:\/\/www.flowershoplaziva.me\/me\/wp-json\/wp\/v2\/media\/9897"}],"wp:attachment":[{"href":"https:\/\/www.flowershoplaziva.me\/me\/wp-json\/wp\/v2\/media?parent=5742"}],"curies":[{"name":"wp","href":"https:\/\/api.w.org\/{rel}","templated":true}]}}