{"id":6467,"date":"2020-10-06T07:30:55","date_gmt":"2020-10-06T07:30:55","guid":{"rendered":"https:\/\/www.flowershoplaziva.me\/privacy-policy\/"},"modified":"2021-01-22T11:03:51","modified_gmt":"2021-01-22T10:03:51","slug":"privacy-policy","status":"publish","type":"page","link":"https:\/\/www.flowershoplaziva.me\/me\/privacy-policy\/","title":{"rendered":"Privacy Policy"},"content":{"rendered":"<div class=\"wpb-content-wrapper\"><p>[vc_row][vc_column][vc_column_text]<\/p>\n<p>ZA\u0160TITA I PRIKUPLJANJE LI\u010cNIH PODATAKA<br \/>\nCvje\u0107ara se obavezuje pru\u017eiti za\u0161titu li\u010dnih podataka naru\u010dioca\/primaoca, na na\u010din da prikuplja samo nu\u017ene, osnovne podatke koji su potrebni za ispunjenje na\u0161ih obveza (dostava cvije\u0107a, izdavanje ra\u010duna i sl.).<br \/>\nSvi podaci o naru\u010diocima\/primaocima strogo se \u010duvaju i dostupni su samo zaposlenima u Cvje\u0107ari kojima su ti podaci nu\u017eni za obavljanje posla.<br \/>\nSvi zaposleni Cvje\u0107are i poslovni partneri odgovorni su za po\u0161tovanje na\u010dela za\u0161tite privatnosti.<br \/>\nCvje\u0107ara ne skladi\u0161ti podatke o korisnicima (osim email komunikacije), ne zahtjeva registraciju u svrhu narud\u017ebe niti koristi gore navedene podatke u neku drugu svrhu (ne \u0161aljemo newslettere i sl.).<\/p>\n<p>KOLA\u010cI\u0106I<br \/>\nCvje\u0107ara koristi kola\u010di\u0107e (eng. cookie) kako bi osigurao funkcionalnost internet trgovine i radi pra\u0107enja posje\u0107enosti stranice (za \u0161to koristi Google Analytics).<br \/>\nKorisnik Cvje\u0107are mo\u017ee regulisati primanje kola\u010di\u0107a putem postavki unutar internet browser-a.<br \/>\nCvje\u0107ara isklju\u010duje svaku odgovornost za gubitak funkcionalnosti usluge kada korisnik druga\u010dije reguli\u0161e (onemogu\u0107i) prihvat kola\u010di\u0107a.<\/p>\n<p>[\/vc_column_text][\/vc_column][\/vc_row]<\/p>\n<\/div>","protected":false},"excerpt":{"rendered":"<p>[vc_row][vc_column][vc_column_text] ZA\u0160TITA I PRIKUPLJANJE LI\u010cNIH PODATAKA Cvje\u0107ara se obavezuje pru\u017eiti za\u0161titu li\u010dnih podataka naru\u010dioca\/primaoca, na na\u010din da prikuplja samo nu\u017ene, osnovne podatke koji su potrebni za ispunjenje na\u0161ih obveza (dostava cvije\u0107a, izdavanje ra\u010duna i sl.). Svi podaci o naru\u010diocima\/primaocima strogo se \u010duvaju i dostupni su samo zaposlenima u Cvje\u0107ari kojima su ti podaci nu\u017eni za obavljanje posla. Svi zaposleni Cvje\u0107are i poslovni partneri odgovorni su za po\u0161tovanje na\u010dela za\u0161tite privatnosti. Cvje\u0107ara ne skladi\u0161ti podatke o korisnicima (osim email komunikacije), ne zahtjeva registraciju u svrhu narud\u017ebe niti koristi gore navedene podatke u neku drugu svrhu (ne \u0161aljemo newslettere i sl.). KOLA\u010cI\u0106I<\/p>\n","protected":false},"author":1,"featured_media":0,"parent":0,"menu_order":0,"comment_status":"closed","ping_status":"open","template":"","meta":{"footnotes":""},"class_list":["post-6467","page","type-page","status-publish","hentry"],"_links":{"self":[{"href":"https:\/\/www.flowershoplaziva.me\/me\/wp-json\/wp\/v2\/pages\/6467","targetHints":{"allow":["GET"]}}],"collection":[{"href":"https:\/\/www.flowershoplaziva.me\/me\/wp-json\/wp\/v2\/pages"}],"about":[{"href":"https:\/\/www.flowershoplaziva.me\/me\/wp-json\/wp\/v2\/types\/page"}],"author":[{"embeddable":true,"href":"https:\/\/www.flowershoplaziva.me\/me\/wp-json\/wp\/v2\/users\/1"}],"replies":[{"embeddable":true,"href":"https:\/\/www.flowershoplaziva.me\/me\/wp-json\/wp\/v2\/comments?post=6467"}],"version-history":[{"count":0,"href":"https:\/\/www.flowershoplaziva.me\/me\/wp-json\/wp\/v2\/pages\/6467\/revisions"}],"wp:attachment":[{"href":"https:\/\/www.flowershoplaziva.me\/me\/wp-json\/wp\/v2\/media?parent=6467"}],"curies":[{"name":"wp","href":"https:\/\/api.w.org\/{rel}","templated":true}]}}