{"id":5822,"date":"2020-12-06T16:28:45","date_gmt":"2020-12-06T15:28:45","guid":{"rendered":"http:\/\/www.flowershoplaziva.me\/product\/eternal-rose-bonita-no-7\/"},"modified":"2026-01-30T14:04:03","modified_gmt":"2026-01-30T13:04:03","slug":"eternal-rose-bonita-no-7","status":"publish","type":"product","link":"https:\/\/www.flowershoplaziva.me\/me\/proizvod\/eternal-rose-bonita-no-7\/","title":{"rendered":"Vje\u010dna ru\u017ea br. 4"},"content":{"rendered":"<p>Dehidrirana prirodna ru\u017ea &#8211; bonita koja traje najmanje 3 godine<\/p>\n","protected":false},"excerpt":{"rendered":"<p>Dehidrirana prirodna ru\u017ea &#8211; bonita koja traje najmanje 3 godine<\/p>\n","protected":false},"featured_media":16501,"template":"","meta":[],"etheme_brands":[],"product_brand":[],"product_cat":[157],"product_tag":[245,238],"class_list":{"0":"post-5822","1":"product","2":"type-product","3":"status-publish","4":"has-post-thumbnail","6":"product_cat-vjecne-ruze","7":"product_tag-rose-me","8":"product_tag-forever-me","10":"first","11":"instock","12":"shipping-taxable","13":"purchasable","14":"product-type-simple"},"_links":{"self":[{"href":"https:\/\/www.flowershoplaziva.me\/me\/wp-json\/wp\/v2\/product\/5822","targetHints":{"allow":["GET"]}}],"collection":[{"href":"https:\/\/www.flowershoplaziva.me\/me\/wp-json\/wp\/v2\/product"}],"about":[{"href":"https:\/\/www.flowershoplaziva.me\/me\/wp-json\/wp\/v2\/types\/product"}],"wp:featuredmedia":[{"embeddable":true,"href":"https:\/\/www.flowershoplaziva.me\/me\/wp-json\/wp\/v2\/media\/16501"}],"wp:attachment":[{"href":"https:\/\/www.flowershoplaziva.me\/me\/wp-json\/wp\/v2\/media?parent=5822"}],"wp:term":[{"taxonomy":"brand","embeddable":true,"href":"https:\/\/www.flowershoplaziva.me\/me\/wp-json\/wp\/v2\/etheme_brands?post=5822"},{"taxonomy":"product_brand","embeddable":true,"href":"https:\/\/www.flowershoplaziva.me\/me\/wp-json\/wp\/v2\/product_brand?post=5822"},{"taxonomy":"product_cat","embeddable":true,"href":"https:\/\/www.flowershoplaziva.me\/me\/wp-json\/wp\/v2\/product_cat?post=5822"},{"taxonomy":"product_tag","embeddable":true,"href":"https:\/\/www.flowershoplaziva.me\/me\/wp-json\/wp\/v2\/product_tag?post=5822"}],"curies":[{"name":"wp","href":"https:\/\/api.w.org\/{rel}","templated":true}]}}