{"id":5832,"date":"2020-10-06T10:42:42","date_gmt":"2020-10-06T10:42:42","guid":{"rendered":"http:\/\/www.flowershoplaziva.me\/product\/voucher-card\/"},"modified":"2026-01-28T14:24:45","modified_gmt":"2026-01-28T13:24:45","slug":"voucher-card","status":"publish","type":"product","link":"https:\/\/www.flowershoplaziva.me\/me\/proizvod\/voucher-card\/","title":{"rendered":"Vau\u010der"},"content":{"rendered":"<p>Vau\u010der se koristi isklju\u010divo za nestandardne proizvode koji su unaprijed dogovoreni sa na\u0161im zaposlenima. Nakon \u0161to dobijete email sa kodom, molimo vas da ga proslijedite na\u0161im zaposlenima putem SMS-a, Viber-a ili Whatsapp-a na broj 068 730 549.<\/p>\n","protected":false},"excerpt":{"rendered":"<p>Vau\u010der se koristi isklju\u010divo za nestandardne proizvode koji su unaprijed dogovoreni sa na\u0161im zaposlenima. Nakon \u0161to dobijete email sa kodom, molimo vas da ga proslijedite na\u0161im zaposlenima putem SMS-a, Viber-a ili Whatsapp-a na broj 068 730 549.<\/p>\n","protected":false},"featured_media":16419,"template":"","meta":[],"etheme_brands":[],"product_brand":[],"product_cat":[252],"product_tag":[],"class_list":{"0":"post-5832","1":"product","2":"type-product","3":"status-publish","4":"has-post-thumbnail","6":"product_cat-uncategorized-me","8":"first","9":"instock","10":"virtual","11":"purchasable","12":"product-type-simple"},"_links":{"self":[{"href":"https:\/\/www.flowershoplaziva.me\/me\/wp-json\/wp\/v2\/product\/5832","targetHints":{"allow":["GET"]}}],"collection":[{"href":"https:\/\/www.flowershoplaziva.me\/me\/wp-json\/wp\/v2\/product"}],"about":[{"href":"https:\/\/www.flowershoplaziva.me\/me\/wp-json\/wp\/v2\/types\/product"}],"wp:featuredmedia":[{"embeddable":true,"href":"https:\/\/www.flowershoplaziva.me\/me\/wp-json\/wp\/v2\/media\/16419"}],"wp:attachment":[{"href":"https:\/\/www.flowershoplaziva.me\/me\/wp-json\/wp\/v2\/media?parent=5832"}],"wp:term":[{"taxonomy":"brand","embeddable":true,"href":"https:\/\/www.flowershoplaziva.me\/me\/wp-json\/wp\/v2\/etheme_brands?post=5832"},{"taxonomy":"product_brand","embeddable":true,"href":"https:\/\/www.flowershoplaziva.me\/me\/wp-json\/wp\/v2\/product_brand?post=5832"},{"taxonomy":"product_cat","embeddable":true,"href":"https:\/\/www.flowershoplaziva.me\/me\/wp-json\/wp\/v2\/product_cat?post=5832"},{"taxonomy":"product_tag","embeddable":true,"href":"https:\/\/www.flowershoplaziva.me\/me\/wp-json\/wp\/v2\/product_tag?post=5832"}],"curies":[{"name":"wp","href":"https:\/\/api.w.org\/{rel}","templated":true}]}}