{"id":5847,"date":"2020-12-06T16:09:33","date_gmt":"2020-12-06T14:09:33","guid":{"rendered":"http:\/\/www.flowershoplaziva.me\/product\/365-roses-no-18\/"},"modified":"2020-12-29T15:08:54","modified_gmt":"2020-12-29T14:08:54","slug":"365-roses-no-18","status":"publish","type":"product","link":"https:\/\/www.flowershoplaziva.me\/me\/proizvod\/365-roses-no-18\/","title":{"rendered":"365 ru\u017ea br.18"},"content":{"rendered":"<p>365 crvenih ekvadorskih ru\u017ea u luksuznoj kutiji sa pli\u0161anim medvjedom (170 cm)<\/p>\n","protected":false},"excerpt":{"rendered":"<p>365 crvenih ekvadorskih ru\u017ea u luksuznoj kutiji sa pli\u0161anim medvjedom (170 cm)<\/p>\n","protected":false},"featured_media":4898,"template":"","meta":[],"etheme_brands":[],"product_brand":[],"product_cat":[155,369],"product_tag":[311,312],"class_list":{"0":"post-5847","1":"product","2":"type-product","3":"status-publish","4":"has-post-thumbnail","6":"product_cat-101-1001-me","7":"product_cat-love","8":"product_tag-365-ruza","9":"product_tag-plisani-medvjed","11":"first","12":"instock","13":"shipping-taxable","14":"purchasable","15":"product-type-simple"},"_links":{"self":[{"href":"https:\/\/www.flowershoplaziva.me\/me\/wp-json\/wp\/v2\/product\/5847","targetHints":{"allow":["GET"]}}],"collection":[{"href":"https:\/\/www.flowershoplaziva.me\/me\/wp-json\/wp\/v2\/product"}],"about":[{"href":"https:\/\/www.flowershoplaziva.me\/me\/wp-json\/wp\/v2\/types\/product"}],"wp:featuredmedia":[{"embeddable":true,"href":"https:\/\/www.flowershoplaziva.me\/me\/wp-json\/wp\/v2\/media\/4898"}],"wp:attachment":[{"href":"https:\/\/www.flowershoplaziva.me\/me\/wp-json\/wp\/v2\/media?parent=5847"}],"wp:term":[{"taxonomy":"brand","embeddable":true,"href":"https:\/\/www.flowershoplaziva.me\/me\/wp-json\/wp\/v2\/etheme_brands?post=5847"},{"taxonomy":"product_brand","embeddable":true,"href":"https:\/\/www.flowershoplaziva.me\/me\/wp-json\/wp\/v2\/product_brand?post=5847"},{"taxonomy":"product_cat","embeddable":true,"href":"https:\/\/www.flowershoplaziva.me\/me\/wp-json\/wp\/v2\/product_cat?post=5847"},{"taxonomy":"product_tag","embeddable":true,"href":"https:\/\/www.flowershoplaziva.me\/me\/wp-json\/wp\/v2\/product_tag?post=5847"}],"curies":[{"name":"wp","href":"https:\/\/api.w.org\/{rel}","templated":true}]}}