{"id":5855,"date":"2020-12-06T15:16:50","date_gmt":"2020-12-06T13:16:50","guid":{"rendered":"http:\/\/www.flowershoplaziva.me\/product\/101-roses-no-10\/"},"modified":"2020-12-29T14:59:56","modified_gmt":"2020-12-29T13:59:56","slug":"101-roses-no-10","status":"publish","type":"product","link":"https:\/\/www.flowershoplaziva.me\/me\/proizvod\/101-roses-no-10\/","title":{"rendered":"101 ru\u017ea br.10"},"content":{"rendered":"<p>101 ru\u017ea u zlatnoj kutiji u obliku srca sa slovom ili brojem po \u017eelji.<\/p>\n<p>Molimo Vas unesite slovo ili broj koji \u017eelite u box-u za opis.<\/p>\n","protected":false},"excerpt":{"rendered":"<p>101 ru\u017ea u zlatnoj kutiji u obliku srca sa slovom ili brojem po \u017eelji. Molimo Vas unesite slovo ili broj koji \u017eelite u box-u za opis.<\/p>\n","protected":false},"featured_media":4868,"template":"","meta":[],"etheme_brands":[],"product_brand":[],"product_cat":[155,369],"product_tag":[246,247,265,176],"class_list":{"0":"post-5855","1":"product","2":"type-product","3":"status-publish","4":"has-post-thumbnail","6":"product_cat-101-1001-me","7":"product_cat-love","8":"product_tag-101-me","9":"product_tag-101-roses-me","10":"product_tag-number-me","11":"product_tag-letter-me","13":"first","14":"instock","15":"shipping-taxable","16":"purchasable","17":"product-type-simple"},"_links":{"self":[{"href":"https:\/\/www.flowershoplaziva.me\/me\/wp-json\/wp\/v2\/product\/5855","targetHints":{"allow":["GET"]}}],"collection":[{"href":"https:\/\/www.flowershoplaziva.me\/me\/wp-json\/wp\/v2\/product"}],"about":[{"href":"https:\/\/www.flowershoplaziva.me\/me\/wp-json\/wp\/v2\/types\/product"}],"wp:featuredmedia":[{"embeddable":true,"href":"https:\/\/www.flowershoplaziva.me\/me\/wp-json\/wp\/v2\/media\/4868"}],"wp:attachment":[{"href":"https:\/\/www.flowershoplaziva.me\/me\/wp-json\/wp\/v2\/media?parent=5855"}],"wp:term":[{"taxonomy":"brand","embeddable":true,"href":"https:\/\/www.flowershoplaziva.me\/me\/wp-json\/wp\/v2\/etheme_brands?post=5855"},{"taxonomy":"product_brand","embeddable":true,"href":"https:\/\/www.flowershoplaziva.me\/me\/wp-json\/wp\/v2\/product_brand?post=5855"},{"taxonomy":"product_cat","embeddable":true,"href":"https:\/\/www.flowershoplaziva.me\/me\/wp-json\/wp\/v2\/product_cat?post=5855"},{"taxonomy":"product_tag","embeddable":true,"href":"https:\/\/www.flowershoplaziva.me\/me\/wp-json\/wp\/v2\/product_tag?post=5855"}],"curies":[{"name":"wp","href":"https:\/\/api.w.org\/{rel}","templated":true}]}}