{"id":6162,"date":"2021-01-11T11:03:15","date_gmt":"2021-01-11T10:03:15","guid":{"rendered":"https:\/\/www.flowershoplaziva.me\/product\/flowers-and-choco-no-2\/"},"modified":"2021-01-13T10:49:06","modified_gmt":"2021-01-13T09:49:06","slug":"flowers-and-choco-no-2","status":"publish","type":"product","link":"https:\/\/www.flowershoplaziva.me\/me\/proizvod\/flowers-and-choco-no-2\/","title":{"rendered":"Flowers and choco br. 2"},"content":{"rendered":"<p>Kutija u obliku srca sa sedam crvenih Ekvador ru\u017ea i &#8220;Najljep\u0161e \u017eelje&#8221; \u010dokoladama<\/p>\n","protected":false},"excerpt":{"rendered":"<p>Kutija u obliku srca sa sedam crvenih Ekvador ru\u017ea i &#8220;Najljep\u0161e \u017eelje&#8221; \u010dokoladama<\/p>\n","protected":false},"featured_media":5419,"template":"","meta":[],"etheme_brands":[],"product_brand":[],"product_cat":[15],"product_tag":[341,170,169],"class_list":{"0":"post-6162","1":"product","2":"type-product","3":"status-publish","4":"has-post-thumbnail","6":"product_cat-default","7":"product_tag-choco-me","8":"product_tag-red-roses-me","9":"product_tag-heart-me","11":"first","12":"instock","13":"shipping-taxable","14":"purchasable","15":"product-type-simple"},"_links":{"self":[{"href":"https:\/\/www.flowershoplaziva.me\/me\/wp-json\/wp\/v2\/product\/6162","targetHints":{"allow":["GET"]}}],"collection":[{"href":"https:\/\/www.flowershoplaziva.me\/me\/wp-json\/wp\/v2\/product"}],"about":[{"href":"https:\/\/www.flowershoplaziva.me\/me\/wp-json\/wp\/v2\/types\/product"}],"wp:featuredmedia":[{"embeddable":true,"href":"https:\/\/www.flowershoplaziva.me\/me\/wp-json\/wp\/v2\/media\/5419"}],"wp:attachment":[{"href":"https:\/\/www.flowershoplaziva.me\/me\/wp-json\/wp\/v2\/media?parent=6162"}],"wp:term":[{"taxonomy":"brand","embeddable":true,"href":"https:\/\/www.flowershoplaziva.me\/me\/wp-json\/wp\/v2\/etheme_brands?post=6162"},{"taxonomy":"product_brand","embeddable":true,"href":"https:\/\/www.flowershoplaziva.me\/me\/wp-json\/wp\/v2\/product_brand?post=6162"},{"taxonomy":"product_cat","embeddable":true,"href":"https:\/\/www.flowershoplaziva.me\/me\/wp-json\/wp\/v2\/product_cat?post=6162"},{"taxonomy":"product_tag","embeddable":true,"href":"https:\/\/www.flowershoplaziva.me\/me\/wp-json\/wp\/v2\/product_tag?post=6162"}],"curies":[{"name":"wp","href":"https:\/\/api.w.org\/{rel}","templated":true}]}}