{"id":6163,"date":"2021-01-11T11:05:45","date_gmt":"2021-01-11T10:05:45","guid":{"rendered":"https:\/\/www.flowershoplaziva.me\/product\/flowers-and-choco-no-3\/"},"modified":"2021-01-13T10:49:41","modified_gmt":"2021-01-13T09:49:41","slug":"flowers-and-choco-no-3","status":"publish","type":"product","link":"https:\/\/www.flowershoplaziva.me\/me\/proizvod\/flowers-and-choco-no-3\/","title":{"rendered":"Flowers and choco br. 3"},"content":{"rendered":"<p>Flower box napravljen od tri bijele Ekvador ru\u017ee, sa pli\u0161anim medvedom i Ferrero Rocher \u010dokoladicama<\/p>\n","protected":false},"excerpt":{"rendered":"<p>Flower box napravljen od tri bijele Ekvador ru\u017ee, sa pli\u0161anim medvedom i Ferrero Rocher \u010dokoladicama<\/p>\n","protected":false},"featured_media":5376,"template":"","meta":[],"etheme_brands":[],"product_brand":[],"product_cat":[15],"product_tag":[202,192,167],"class_list":{"0":"post-6163","1":"product","2":"type-product","3":"status-publish","4":"has-post-thumbnail","6":"product_cat-default","7":"product_tag-white-roses-me","8":"product_tag-ferrero-rocher-me","9":"product_tag-teddy-bear-me","11":"first","12":"instock","13":"shipping-taxable","14":"purchasable","15":"product-type-simple"},"_links":{"self":[{"href":"https:\/\/www.flowershoplaziva.me\/me\/wp-json\/wp\/v2\/product\/6163","targetHints":{"allow":["GET"]}}],"collection":[{"href":"https:\/\/www.flowershoplaziva.me\/me\/wp-json\/wp\/v2\/product"}],"about":[{"href":"https:\/\/www.flowershoplaziva.me\/me\/wp-json\/wp\/v2\/types\/product"}],"wp:featuredmedia":[{"embeddable":true,"href":"https:\/\/www.flowershoplaziva.me\/me\/wp-json\/wp\/v2\/media\/5376"}],"wp:attachment":[{"href":"https:\/\/www.flowershoplaziva.me\/me\/wp-json\/wp\/v2\/media?parent=6163"}],"wp:term":[{"taxonomy":"brand","embeddable":true,"href":"https:\/\/www.flowershoplaziva.me\/me\/wp-json\/wp\/v2\/etheme_brands?post=6163"},{"taxonomy":"product_brand","embeddable":true,"href":"https:\/\/www.flowershoplaziva.me\/me\/wp-json\/wp\/v2\/product_brand?post=6163"},{"taxonomy":"product_cat","embeddable":true,"href":"https:\/\/www.flowershoplaziva.me\/me\/wp-json\/wp\/v2\/product_cat?post=6163"},{"taxonomy":"product_tag","embeddable":true,"href":"https:\/\/www.flowershoplaziva.me\/me\/wp-json\/wp\/v2\/product_tag?post=6163"}],"curies":[{"name":"wp","href":"https:\/\/api.w.org\/{rel}","templated":true}]}}