{"id":6168,"date":"2021-01-11T11:10:12","date_gmt":"2021-01-11T10:10:12","guid":{"rendered":"https:\/\/www.flowershoplaziva.me\/product\/flowers-and-choco-no-6\/"},"modified":"2021-01-13T10:51:08","modified_gmt":"2021-01-13T09:51:08","slug":"flowers-and-choco-no-6","status":"publish","type":"product","link":"https:\/\/www.flowershoplaziva.me\/me\/proizvod\/flowers-and-choco-no-6\/","title":{"rendered":"Flowers and choco br. 6"},"content":{"rendered":"<p>Flower box napravljen od sedam crvenih Ekvador ru\u017ea sa dva pli\u0161ana medvedi\u0107a<\/p>\n","protected":false},"excerpt":{"rendered":"<p>Flower box napravljen od sedam crvenih Ekvador ru\u017ea sa dva pli\u0161ana medvedi\u0107a<\/p>\n","protected":false},"featured_media":5396,"template":"","meta":[],"etheme_brands":[],"product_brand":[],"product_cat":[15],"product_tag":[170,167],"class_list":{"0":"post-6168","1":"product","2":"type-product","3":"status-publish","4":"has-post-thumbnail","6":"product_cat-default","7":"product_tag-red-roses-me","8":"product_tag-teddy-bear-me","10":"first","11":"instock","12":"shipping-taxable","13":"purchasable","14":"product-type-simple"},"_links":{"self":[{"href":"https:\/\/www.flowershoplaziva.me\/me\/wp-json\/wp\/v2\/product\/6168","targetHints":{"allow":["GET"]}}],"collection":[{"href":"https:\/\/www.flowershoplaziva.me\/me\/wp-json\/wp\/v2\/product"}],"about":[{"href":"https:\/\/www.flowershoplaziva.me\/me\/wp-json\/wp\/v2\/types\/product"}],"wp:featuredmedia":[{"embeddable":true,"href":"https:\/\/www.flowershoplaziva.me\/me\/wp-json\/wp\/v2\/media\/5396"}],"wp:attachment":[{"href":"https:\/\/www.flowershoplaziva.me\/me\/wp-json\/wp\/v2\/media?parent=6168"}],"wp:term":[{"taxonomy":"brand","embeddable":true,"href":"https:\/\/www.flowershoplaziva.me\/me\/wp-json\/wp\/v2\/etheme_brands?post=6168"},{"taxonomy":"product_brand","embeddable":true,"href":"https:\/\/www.flowershoplaziva.me\/me\/wp-json\/wp\/v2\/product_brand?post=6168"},{"taxonomy":"product_cat","embeddable":true,"href":"https:\/\/www.flowershoplaziva.me\/me\/wp-json\/wp\/v2\/product_cat?post=6168"},{"taxonomy":"product_tag","embeddable":true,"href":"https:\/\/www.flowershoplaziva.me\/me\/wp-json\/wp\/v2\/product_tag?post=6168"}],"curies":[{"name":"wp","href":"https:\/\/api.w.org\/{rel}","templated":true}]}}